{"id":364,"date":"2018-05-16T12:36:42","date_gmt":"2018-05-16T10:36:42","guid":{"rendered":"https:\/\/tischlerei-osswald.de\/?page_id=364"},"modified":"2018-05-16T12:42:09","modified_gmt":"2018-05-16T10:42:09","slug":"datenschutz","status":"publish","type":"page","link":"https:\/\/tischlerei-osswald.de\/?page_id=364","title":{"rendered":"DATENSCHUTZ"},"content":{"rendered":"<p><strong>Cookies <\/strong> <\/p>\n<p>Cookies sind Textdateien, die automatisch bei dem Aufruf einer Webseite lokal im Browser des Besuchers abgelegt werden. Diese Website setzt Cookies ein, um das Angebot nutzerfreundlich und funktionaler zu gestalten. Dank dieser Dateien ist es beispielsweise m\u00f6glich, auf individuelle Interessen abgestimmte Informationen auf einer Seite anzuzeigen. Auch Sicherheitsrelevante Funktionen zum Schutz Ihrer Privatsph\u00e4re werden durch den Einsatz von Cookies erm\u00f6glicht. Der ausschlie\u00dfliche Zweck besteht also darin, unser Angebot Ihren Kundenw\u00fcnschen bestm\u00f6glich anzupassen und die Seiten-Nutzung so komfortabel wie m\u00f6glich zu gestalten. Mit Anwendung der DSGVO 2018 sind Webmaster dazu verpflichtet, der unter <a href=\"https:\/\/eu-datenschutz.org\/\" target=\"_blank\">https:\/\/eu-datenschutz.org\/<\/a> ver\u00f6ffentlichten Grundverordnung Folge zu leisten und seine Nutzer entsprechend \u00fcber die Erfassung und Auswertung von Daten in Kenntnis zu setzen. Die Rechtm\u00e4\u00dfigkeit der Verarbeitung ist in Kapitel 2, Artikel 6 der DSGVO begr\u00fcndet.<\/p>\n<p> <strong>Google Analytics<\/strong> <\/p>\n<p>Dieses Angebot nutzt ebenfalls den Webanalysedienst Google Analytics, ein Programm der Google Inc. (&#8222;Google, USA&#8220;). Die durch das Tracking erfassten Informationen zu Ihrer Nutzung dieser Website werden auf einem Server von Google in den USA gespeichert. Durch eine sogenannte IP-Anonymisierung wird Ihre IP-Adresse von Google innerhalb von Mitgliedstaaten der Europ\u00e4ischen Union oder in anderen Vertragsstaaten des Abkommens \u00fcber den Europ\u00e4ischen Wirtschaftsraum zuvor gek\u00fcrzt. Somit ist der Standort Ihres Browsers lediglich regional zuortbar, nicht aber ihrer Person. Google kann Besucherverhalten auswerten, um Reports \u00fcber die Websiteaktivit\u00e4ten zusammenzustellen. Auch weitere mit der Websitenutzung und der Internetnutzung verbundene Dienstleistungen k\u00f6nnen so gegen\u00fcber dem Websitebetreiber erbracht werden.<\/p>\n<p> <strong>Facebook-Plugins (Like-Button)<\/strong> <\/p>\n<p>Auf dieser Website werden Like-Buttons des sozialen Netzwerks Facebook (Facebook Inc., 1601 Willow Road, Menlo Park, California, 94025, USA) eingesetzt. Wenn Sie unsere Seiten besuchen, wird \u00fcber das Social-Sharing-Plugin eine Verbindung zwischen dem Browser und Facebook hergestellt. Facebook erh\u00e4lt dadurch Information \u00fcber das Nutzungsverhalten auf der Website. Durch Klicken des &#8222;Like-Buttons&#8220; w\u00e4hrend Sie in Ihrem Facebook-Account eingeloggt sind, k\u00f6nnen die Inhalte unserer Seiten mit Ihrem Facebook-Profil in Verbindung gebracht werden. Der Betreiber dieser Website hat keine M\u00f6glichkeit des Zugriffs auf \u00fcbermittelte Daten, sowie keine Kenntnis \u00fcber deren Nutzung durch Facebook. Wenn Sie nicht w\u00fcnschen, dass Facebook den Besuch unserer Seiten Ihrem Facebook-Account zuordnen kann, loggen Sie sich bitte aus Ihrem Facebook-Benutzerkonto aus.<\/p>\n<p> <strong>Retargeting<\/strong> <\/p>\n<p>Diese Website verwendet ebenfalls Retargeting-Technologie, um auf Websites unserer Partner gezielt User mit Werbung anzusprechen, die sich bereits f\u00fcr unsere Produkte interessiert haben. Die Einblendung der Werbemittel erfolgt beim Retargeting auf der Basis eines Cookies, welcher gesetzt wird, wenn eine Produktseite aufgerufen wird. Selbstverst\u00e4ndlich werden auch hierbei keine personenbezogenen Daten gespeichert und ebenso selbstverst\u00e4ndlich erfolgt die Verwendung der Retargeting-Technologie unter Beachtung der geltenden gesetzlichen Datenschutzbestimmungen. Wenn Sie nicht m\u00f6chten, dass Ihnen interessenbezogene Werbung angezeigt wird, k\u00f6nnen Sie Besucher die Verwendung von Cookies durch Google deaktivieren k\u00f6nnen, indem sie die Anzeigenvorgaben aufrufen. Alternativ k\u00f6nnen Ihre Besucher die Verwendung von Cookies durch Drittanbieter deaktivieren, indem sie die <a href=\"http:\/\/www.networkadvertising.org\/choices\/\" target=\"_blank\" rel=\"nofollow\">Deaktivierungsseite der Netzwerkwerbeinitiative<\/a> aufrufen.<\/p>\n<p>Quelle: Datenschutz-Vorlage mit freundlicher Genehmigung von Website Tutor <\/p>\n","protected":false},"excerpt":{"rendered":"<p>Cookies Cookies sind Textdateien, die automatisch bei dem Aufruf einer Webseite lokal im Browser des Besuchers abgelegt werden. Diese Website setzt Cookies ein, um das Angebot nutzerfreundlich und funktionaler zu gestalten. Dank dieser Dateien ist es beispielsweise m\u00f6glich, auf individuelle Interessen abgestimmte Informationen auf einer Seite anzuzeigen. Auch Sicherheitsrelevante Funktionen zum Schutz Ihrer Privatsph\u00e4re werden [&hellip;]<\/p>\n","protected":false},"author":1,"featured_media":0,"parent":0,"menu_order":0,"comment_status":"closed","ping_status":"closed","template":"","meta":[],"_links":{"self":[{"href":"https:\/\/tischlerei-osswald.de\/index.php?rest_route=\/wp\/v2\/pages\/364"}],"collection":[{"href":"https:\/\/tischlerei-osswald.de\/index.php?rest_route=\/wp\/v2\/pages"}],"about":[{"href":"https:\/\/tischlerei-osswald.de\/index.php?rest_route=\/wp\/v2\/types\/page"}],"author":[{"embeddable":true,"href":"https:\/\/tischlerei-osswald.de\/index.php?rest_route=\/wp\/v2\/users\/1"}],"replies":[{"embeddable":true,"href":"https:\/\/tischlerei-osswald.de\/index.php?rest_route=%2Fwp%2Fv2%2Fcomments&post=364"}],"version-history":[{"count":2,"href":"https:\/\/tischlerei-osswald.de\/index.php?rest_route=\/wp\/v2\/pages\/364\/revisions"}],"predecessor-version":[{"id":368,"href":"https:\/\/tischlerei-osswald.de\/index.php?rest_route=\/wp\/v2\/pages\/364\/revisions\/368"}],"wp:attachment":[{"href":"https:\/\/tischlerei-osswald.de\/index.php?rest_route=%2Fwp%2Fv2%2Fmedia&parent=364"}],"curies":[{"name":"wp","href":"https:\/\/api.w.org\/{rel}","templated":true}]}}